{"id":179,"date":"2023-04-26T14:58:41","date_gmt":"2023-04-26T14:58:41","guid":{"rendered":"https:\/\/aurumtraining.co.uk\/?page_id=179"},"modified":"2023-05-24T14:02:19","modified_gmt":"2023-05-24T14:02:19","slug":"slapuku-politika","status":"publish","type":"page","link":"https:\/\/aurumtraining.co.uk\/lt\/slapuku-politika\/","title":{"rendered":"Slapuk\u0173 politika"},"content":{"rendered":"\t\t<div data-elementor-type=\"wp-page\" data-elementor-id=\"179\" class=\"elementor elementor-179\" data-elementor-post-type=\"page\">\n\t\t\t\t\t\t\t\t\t<section class=\"elementor-section elementor-top-section elementor-element elementor-element-34d6c57 elementor-section-full_width elementor-section-height-default elementor-section-height-default\" data-id=\"34d6c57\" data-element_type=\"section\" data-settings=\"{&quot;_ha_eqh_enable&quot;:false}\">\n\t\t\t\t\t\t<div class=\"elementor-container elementor-column-gap-default\">\n\t\t\t\t\t<div class=\"elementor-column elementor-col-100 elementor-top-column elementor-element elementor-element-afcf4f6\" data-id=\"afcf4f6\" data-element_type=\"column\">\n\t\t\t<div class=\"elementor-widget-wrap elementor-element-populated\">\n\t\t\t\t\t\t\t\t<div class=\"elementor-element elementor-element-435cff0 elementor-widget elementor-widget-heading\" data-id=\"435cff0\" data-element_type=\"widget\" data-widget_type=\"heading.default\">\n\t\t\t\t<div class=\"elementor-widget-container\">\n\t\t\t<style>\/*! elementor - v3.17.0 - 01-11-2023 *\/\n.elementor-heading-title{padding:0;margin:0;line-height:1}.elementor-widget-heading .elementor-heading-title[class*=elementor-size-]>a{color:inherit;font-size:inherit;line-height:inherit}.elementor-widget-heading .elementor-heading-title.elementor-size-small{font-size:15px}.elementor-widget-heading .elementor-heading-title.elementor-size-medium{font-size:19px}.elementor-widget-heading .elementor-heading-title.elementor-size-large{font-size:29px}.elementor-widget-heading .elementor-heading-title.elementor-size-xl{font-size:39px}.elementor-widget-heading .elementor-heading-title.elementor-size-xxl{font-size:59px}<\/style><h1 class=\"elementor-heading-title elementor-size-default\">Slapuk\u0173 politika<\/h1>\t\t<\/div>\n\t\t\t\t<\/div>\n\t\t\t\t<div class=\"elementor-element elementor-element-4af4ac4 elementor-widget elementor-widget-heading\" data-id=\"4af4ac4\" data-element_type=\"widget\" data-widget_type=\"heading.default\">\n\t\t\t\t<div class=\"elementor-widget-container\">\n\t\t\t<h2 class=\"elementor-heading-title elementor-size-default\">Kas yra slapukai (cookies)?<\/h2>\t\t<\/div>\n\t\t\t\t<\/div>\n\t\t\t\t<div class=\"elementor-element elementor-element-dc7e468 elementor-widget elementor-widget-text-editor\" data-id=\"dc7e468\" data-element_type=\"widget\" data-widget_type=\"text-editor.default\">\n\t\t\t\t<div class=\"elementor-widget-container\">\n\t\t\t<style>\/*! elementor - v3.17.0 - 01-11-2023 *\/\n.elementor-widget-text-editor.elementor-drop-cap-view-stacked .elementor-drop-cap{background-color:#69727d;color:#fff}.elementor-widget-text-editor.elementor-drop-cap-view-framed .elementor-drop-cap{color:#69727d;border:3px solid;background-color:transparent}.elementor-widget-text-editor:not(.elementor-drop-cap-view-default) .elementor-drop-cap{margin-top:8px}.elementor-widget-text-editor:not(.elementor-drop-cap-view-default) .elementor-drop-cap-letter{width:1em;height:1em}.elementor-widget-text-editor .elementor-drop-cap{float:left;text-align:center;line-height:1;font-size:50px}.elementor-widget-text-editor .elementor-drop-cap-letter{display:inline-block}<\/style>\t\t\t\t<p>Slapukas \u2013 tai nedidelis tekstinis elementas, \u012fra\u0161omas J\u016bs\u0173 \u012frenginyje, kai apsilankote m\u016bs\u0173 svetain\u0117je <a href=\"https:\/\/aurumtraining.co.uk\/\">www.aurumtraining.co.uk. <\/a>Slapukai leid\u017eia interneto svetainei kur\u012f laik\u0105 prisiminti informacij\u0105 apie J\u016bs\u0173 nar\u0161ym\u0105 svetain\u0117je ir atpa\u017einti Jus kit\u0105 kart\u0105 apsilankius svetain\u0117je, \u012fgyvendinti kai kurias svetain\u0117s funkcijas ir steb\u0117ti klient\u0173 nar\u0161ym\u0105 svetain\u0117je. Visa tai leid\u017eia mums suteikti Jums galimyb\u0119 svetaine naudotis patogiai ir siekti, kad svetain\u0117 tapt\u0173 dar patogesn\u0117 ir draugi\u0161kesn\u0117.<\/p>\t\t\t\t\t\t<\/div>\n\t\t\t\t<\/div>\n\t\t\t\t<div class=\"elementor-element elementor-element-8427386 elementor-widget elementor-widget-heading\" data-id=\"8427386\" data-element_type=\"widget\" data-widget_type=\"heading.default\">\n\t\t\t\t<div class=\"elementor-widget-container\">\n\t\t\t<h2 class=\"elementor-heading-title elementor-size-default\">Kod\u0117l naudojame slapukus?<\/h2>\t\t<\/div>\n\t\t\t\t<\/div>\n\t\t\t\t<div class=\"elementor-element elementor-element-817af1f elementor-widget elementor-widget-text-editor\" data-id=\"817af1f\" data-element_type=\"widget\" data-widget_type=\"text-editor.default\">\n\t\t\t\t<div class=\"elementor-widget-container\">\n\t\t\t\t\t\t\t<p>Slapukus naudojame, kad:<\/p><ul><li>u\u017etikrintume svetain\u0117s pagrindini\u0173 paslaug\u0173 funkcionalum\u0105;<\/li><li>padarytume svetain\u0119 patogesne;<\/li><li>kauptume informacij\u0105 apie naudojim\u0105si svetaine;<\/li><li>suteiktume galimyb\u0119 naudotis integracija su socialiniais tinklais.<\/li><\/ul>\t\t\t\t\t\t<\/div>\n\t\t\t\t<\/div>\n\t\t\t\t<div class=\"elementor-element elementor-element-705f108 elementor-widget elementor-widget-heading\" data-id=\"705f108\" data-element_type=\"widget\" data-widget_type=\"heading.default\">\n\t\t\t\t<div class=\"elementor-widget-container\">\n\t\t\t<h2 class=\"elementor-heading-title elementor-size-default\">Kokius slapukus naudojame?<\/h2>\t\t<\/div>\n\t\t\t\t<\/div>\n\t\t\t\t<div class=\"elementor-element elementor-element-7cd8902 elementor-widget elementor-widget-text-editor\" data-id=\"7cd8902\" data-element_type=\"widget\" data-widget_type=\"text-editor.default\">\n\t\t\t\t<div class=\"elementor-widget-container\">\n\t\t\t\t\t\t\t<ul>\n<li>B\u016btinieji slapukai: \u0161ie slapukai b\u016btini tam, kad veikt\u0173 m\u016bs\u0173 interneto svetain\u0117 Be j\u0173 mes tiesiog negal\u0117tume Jums suteikti paslaug\u0173, d\u0117l kuri\u0173 J\u016bs apsilank\u0117te <a href=\"https:\/\/aurumtraining.co.uk\/\">www.aurumtraining.co.uk<\/a> svetain\u0117je. Taip pat naudojami slapukai, kurie nustatyt\u0173, ar J\u016bs sutikote, kad slapukai b\u016bt\u0173 \u012fra\u0161omi J\u016bs\u0173 \u012frenginiuose;<\/li>\n<li>Statistikos slapukai: \u0161ie slapukai mums suteikia galimyb\u0119 su\u017einoti, i\u0161 kokios reklamos ar paie\u0161kos sistemos J\u016bs patekote \u012f m\u016bs\u0173 svetain\u0119 bei apskai\u010diuoti, kiek lankytoj\u0173 susilaukiame per tam tikr\u0105 laikotarp\u012f.<\/li>\n<li>Socialini\u0173 tinkl\u0173 slapukai: \u0161ie slapukai Jums suteiks galimyb\u0119 para\u0161yti m\u016bs\u0173 svetain\u0117je atsiliepim\u0105 naudojantis Facebook comments funkcija arba su savo socialini\u0173 tinkl\u0173 draugais pasidalinti patikusiu <a href=\"https:\/\/aurumtraining.co.uk\/\">www.aurumtraining.co.uk<\/a> svetain\u0117s turiniu.<\/li>\n<li>Sesijos slapukai nustatomi kiekvienai sesijai, t. y. jie saugomi tol, kol u\u017edarote nar\u0161ykl\u0119. Sesijos slapukai n\u0117ra saugomi J\u016bs\u0173 \u012frenginio kietajame diske. Nuolatiniai slapukai yra saugomi J\u016bs\u0173 \u012frenginyje, kol juos i\u0161trinate arba kol baigiasi j\u0173 saugojimo terminas, bet ne ilgiau nei vienerius metus.<\/li>\n<\/ul>\t\t\t\t\t\t<\/div>\n\t\t\t\t<\/div>\n\t\t\t\t<div class=\"elementor-element elementor-element-4bf6b7f elementor-widget elementor-widget-heading\" data-id=\"4bf6b7f\" data-element_type=\"widget\" data-widget_type=\"heading.default\">\n\t\t\t\t<div class=\"elementor-widget-container\">\n\t\t\t<h2 class=\"elementor-heading-title elementor-size-default\">Kokiu pagrindu naudojame slapukus?<\/h2>\t\t<\/div>\n\t\t\t\t<\/div>\n\t\t\t\t<div class=\"elementor-element elementor-element-9e8b42c elementor-widget elementor-widget-text-editor\" data-id=\"9e8b42c\" data-element_type=\"widget\" data-widget_type=\"text-editor.default\">\n\t\t\t\t<div class=\"elementor-widget-container\">\n\t\t\t\t\t\t\t<ul><li>Naudodami b\u016btinuosius slapukus, remiam\u0117s teis\u0117tu m\u016bs\u0173 interesu u\u017etikrinti svetain\u0117s ir joje teikiam\u0173 paslaug\u0173 funkcionalum\u0105.<\/li><li>Naudodami statistikos ir socialini\u0173 tinkl\u0173 slapukus, remiam\u0117s J\u016bs\u0173 sutikimu, tod\u0117l \u0161iuos slapukus naudojame tik gav\u0119 sutikim\u0105. Ta\u010diau nedavus sutikimo naudoti slapukus, kai kurios svetain\u0117s funkcijos gali neveikti arba veikti netinkamai.<\/li><\/ul>\t\t\t\t\t\t<\/div>\n\t\t\t\t<\/div>\n\t\t\t\t<div class=\"elementor-element elementor-element-9912485 elementor-widget elementor-widget-heading\" data-id=\"9912485\" data-element_type=\"widget\" data-widget_type=\"heading.default\">\n\t\t\t\t<div class=\"elementor-widget-container\">\n\t\t\t<h2 class=\"elementor-heading-title elementor-size-default\">Kaip valdyti slapukus?<\/h2>\t\t<\/div>\n\t\t\t\t<\/div>\n\t\t\t\t<div class=\"elementor-element elementor-element-4e056bc elementor-widget elementor-widget-text-editor\" data-id=\"4e056bc\" data-element_type=\"widget\" data-widget_type=\"text-editor.default\">\n\t\t\t\t<div class=\"elementor-widget-container\">\n\t\t\t\t\t\t\t<p>Valdyti ir i\u0161trinti slapukus galite naudodamiesi savo nar\u0161ykl\u0117s nustatymais. J\u016bs galite i\u0161trinti visus J\u016bs\u0173 \u012frenginyje \u012fra\u0161ytus slapukus bei naudotis kitais J\u016bs\u0173 nar\u0161ykl\u0117s nustatymais, pvz., neleisti svetain\u0117ms J\u016bs\u0173 \u012frenginyje \u012fra\u0161yti slapuk\u0173. Daugiau naudingos informacijos galite pasiekti adresu <a href=\"http:\/\/www.youronlinechoices.com\/\">www.youronlinechoices.com<\/a>. Ta\u010diau informuojame, kad tokiu atveju Jums gali reik\u0117ti rankiniu b\u016bdu pakeisti kai kurias parinktis kaskart, kai lankysit\u0117s svetain\u0117je, o kai kurios paslaugos ir funkcijos gali neveikti.<\/p>\t\t\t\t\t\t<\/div>\n\t\t\t\t<\/div>\n\t\t\t\t\t<\/div>\n\t\t<\/div>\n\t\t\t\t\t\t\t<\/div>\n\t\t<\/section>\n\t\t\t\t\t\t\t<\/div>\n\t\t","protected":false},"excerpt":{"rendered":"<p>Slapuk\u0173 politika Kas yra slapukai (cookies)? Slapukas \u2013 tai nedidelis tekstinis elementas, \u012fra\u0161omas J\u016bs\u0173 \u012frenginyje, kai apsilankote m\u016bs\u0173 svetain\u0117je www.aurumtraining.co.uk. Slapukai leid\u017eia interneto svetainei kur\u012f laik\u0105 prisiminti informacij\u0105 apie J\u016bs\u0173 nar\u0161ym\u0105 svetain\u0117je ir atpa\u017einti Jus kit\u0105 kart\u0105 apsilankius svetain\u0117je, \u012fgyvendinti kai kurias svetain\u0117s funkcijas ir steb\u0117ti klient\u0173 nar\u0161ym\u0105 svetain\u0117je. Visa tai leid\u017eia mums suteikti Jums &hellip;<\/p>\n<p class=\"read-more\"> <a class=\"\" href=\"https:\/\/aurumtraining.co.uk\/lt\/slapuku-politika\/\"> <span class=\"screen-reader-text\">Slapuk\u0173 politika<\/span> Read More \u00bb<\/a><\/p>\n","protected":false},"author":1,"featured_media":0,"parent":0,"menu_order":0,"comment_status":"closed","ping_status":"closed","template":"","meta":{"site-sidebar-layout":"no-sidebar","site-content-layout":"page-builder","ast-site-content-layout":"","site-content-style":"default","site-sidebar-style":"default","ast-global-header-display":"","ast-banner-title-visibility":"","ast-main-header-display":"","ast-hfb-above-header-display":"","ast-hfb-below-header-display":"","ast-hfb-mobile-header-display":"","site-post-title":"disabled","ast-breadcrumbs-content":"","ast-featured-img":"disabled","footer-sml-layout":"","theme-transparent-header-meta":"","adv-header-id-meta":"","stick-header-meta":"","header-above-stick-meta":"","header-main-stick-meta":"","header-below-stick-meta":"","astra-migrate-meta-layouts":"","ast-page-background-enabled":"default","ast-page-background-meta":{"desktop":{"background-color":"var(--ast-global-color-4)","background-image":"","background-repeat":"repeat","background-position":"center center","background-size":"auto","background-attachment":"scroll","background-type":"","background-media":"","overlay-type":"","overlay-color":"","overlay-gradient":""},"tablet":{"background-color":"","background-image":"","background-repeat":"repeat","background-position":"center center","background-size":"auto","background-attachment":"scroll","background-type":"","background-media":"","overlay-type":"","overlay-color":"","overlay-gradient":""},"mobile":{"background-color":"","background-image":"","background-repeat":"repeat","background-position":"center center","background-size":"auto","background-attachment":"scroll","background-type":"","background-media":"","overlay-type":"","overlay-color":"","overlay-gradient":""}},"ast-content-background-meta":{"desktop":{"background-color":"var(--ast-global-color-5)","background-image":"","background-repeat":"repeat","background-position":"center center","background-size":"auto","background-attachment":"scroll","background-type":"","background-media":"","overlay-type":"","overlay-color":"","overlay-gradient":""},"tablet":{"background-color":"var(--ast-global-color-5)","background-image":"","background-repeat":"repeat","background-position":"center center","background-size":"auto","background-attachment":"scroll","background-type":"","background-media":"","overlay-type":"","overlay-color":"","overlay-gradient":""},"mobile":{"background-color":"var(--ast-global-color-5)","background-image":"","background-repeat":"repeat","background-position":"center center","background-size":"auto","background-attachment":"scroll","background-type":"","background-media":"","overlay-type":"","overlay-color":"","overlay-gradient":""}},"footnotes":""},"yoast_head":"<!-- This site is optimized with the Yoast SEO Premium plugin v21.5 (Yoast SEO v21.5) - https:\/\/yoast.com\/wordpress\/plugins\/seo\/ -->\n<title>Slapuk\u0173 politika - Aurum Training<\/title>\n<meta name=\"robots\" content=\"index, follow, max-snippet:-1, max-image-preview:large, max-video-preview:-1\" \/>\n<link rel=\"canonical\" href=\"https:\/\/aurumtraining.co.uk\/lt\/slapuku-politika\/\" \/>\n<meta property=\"og:locale\" content=\"lt_LT\" \/>\n<meta property=\"og:type\" content=\"article\" \/>\n<meta property=\"og:title\" content=\"Slapuk\u0173 politika\" \/>\n<meta property=\"og:description\" content=\"Slapuk\u0173 politika Kas yra slapukai (cookies)? Slapukas \u2013 tai nedidelis tekstinis elementas, \u012fra\u0161omas J\u016bs\u0173 \u012frenginyje, kai apsilankote m\u016bs\u0173 svetain\u0117je www.aurumtraining.co.uk. Slapukai leid\u017eia interneto svetainei kur\u012f laik\u0105 prisiminti informacij\u0105 apie J\u016bs\u0173 nar\u0161ym\u0105 svetain\u0117je ir atpa\u017einti Jus kit\u0105 kart\u0105 apsilankius svetain\u0117je, \u012fgyvendinti kai kurias svetain\u0117s funkcijas ir steb\u0117ti klient\u0173 nar\u0161ym\u0105 svetain\u0117je. Visa tai leid\u017eia mums suteikti Jums &hellip; Slapuk\u0173 politika Read More \u00bb\" \/>\n<meta property=\"og:url\" content=\"https:\/\/aurumtraining.co.uk\/lt\/slapuku-politika\/\" \/>\n<meta property=\"og:site_name\" content=\"Aurum Training\" \/>\n<meta property=\"article:modified_time\" content=\"2023-05-24T14:02:19+00:00\" \/>\n<meta name=\"twitter:card\" content=\"summary_large_image\" \/>\n<meta name=\"twitter:label1\" content=\"Est. reading time\" \/>\n\t<meta name=\"twitter:data1\" content=\"2 minut\u0117s\" \/>\n<script type=\"application\/ld+json\" class=\"yoast-schema-graph\">{\"@context\":\"https:\/\/schema.org\",\"@graph\":[{\"@type\":\"WebPage\",\"@id\":\"https:\/\/aurumtraining.co.uk\/lt\/slapuku-politika\/\",\"url\":\"https:\/\/aurumtraining.co.uk\/lt\/slapuku-politika\/\",\"name\":\"Slapuk\u0173 politika - Aurum Training\",\"isPartOf\":{\"@id\":\"https:\/\/aurumtraining.co.uk\/#website\"},\"datePublished\":\"2023-04-26T14:58:41+00:00\",\"dateModified\":\"2023-05-24T14:02:19+00:00\",\"breadcrumb\":{\"@id\":\"https:\/\/aurumtraining.co.uk\/lt\/slapuku-politika\/#breadcrumb\"},\"inLanguage\":\"lt-LT\",\"potentialAction\":[{\"@type\":\"ReadAction\",\"target\":[\"https:\/\/aurumtraining.co.uk\/lt\/slapuku-politika\/\"]}]},{\"@type\":\"BreadcrumbList\",\"@id\":\"https:\/\/aurumtraining.co.uk\/lt\/slapuku-politika\/#breadcrumb\",\"itemListElement\":[{\"@type\":\"ListItem\",\"position\":1,\"name\":\"Home\",\"item\":\"https:\/\/aurumtraining.co.uk\/lt\/\"},{\"@type\":\"ListItem\",\"position\":2,\"name\":\"Slapuk\u0173 politika\"}]},{\"@type\":\"WebSite\",\"@id\":\"https:\/\/aurumtraining.co.uk\/#website\",\"url\":\"https:\/\/aurumtraining.co.uk\/\",\"name\":\"Aurum Training\",\"description\":\"\",\"publisher\":{\"@id\":\"https:\/\/aurumtraining.co.uk\/#organization\"},\"potentialAction\":[{\"@type\":\"SearchAction\",\"target\":{\"@type\":\"EntryPoint\",\"urlTemplate\":\"https:\/\/aurumtraining.co.uk\/?s={search_term_string}\"},\"query-input\":\"required name=search_term_string\"}],\"inLanguage\":\"lt-LT\"},{\"@type\":\"Organization\",\"@id\":\"https:\/\/aurumtraining.co.uk\/#organization\",\"name\":\"Aurum Training\",\"url\":\"https:\/\/aurumtraining.co.uk\/\",\"logo\":{\"@type\":\"ImageObject\",\"inLanguage\":\"lt-LT\",\"@id\":\"https:\/\/aurumtraining.co.uk\/#\/schema\/logo\/image\/\",\"url\":\"https:\/\/aurumtraining.co.uk\/wp-content\/uploads\/2023\/04\/Aurum-training-consultant-logo-scaled.webp\",\"contentUrl\":\"https:\/\/aurumtraining.co.uk\/wp-content\/uploads\/2023\/04\/Aurum-training-consultant-logo-scaled.webp\",\"width\":2560,\"height\":961,\"caption\":\"Aurum Training\"},\"image\":{\"@id\":\"https:\/\/aurumtraining.co.uk\/#\/schema\/logo\/image\/\"}}]}<\/script>\n<!-- \/ Yoast SEO Premium plugin. -->","yoast_head_json":{"title":"Slapuk\u0173 politika - Aurum Training","robots":{"index":"index","follow":"follow","max-snippet":"max-snippet:-1","max-image-preview":"max-image-preview:large","max-video-preview":"max-video-preview:-1"},"canonical":"https:\/\/aurumtraining.co.uk\/lt\/slapuku-politika\/","og_locale":"lt_LT","og_type":"article","og_title":"Slapuk\u0173 politika","og_description":"Slapuk\u0173 politika Kas yra slapukai (cookies)? Slapukas \u2013 tai nedidelis tekstinis elementas, \u012fra\u0161omas J\u016bs\u0173 \u012frenginyje, kai apsilankote m\u016bs\u0173 svetain\u0117je www.aurumtraining.co.uk. Slapukai leid\u017eia interneto svetainei kur\u012f laik\u0105 prisiminti informacij\u0105 apie J\u016bs\u0173 nar\u0161ym\u0105 svetain\u0117je ir atpa\u017einti Jus kit\u0105 kart\u0105 apsilankius svetain\u0117je, \u012fgyvendinti kai kurias svetain\u0117s funkcijas ir steb\u0117ti klient\u0173 nar\u0161ym\u0105 svetain\u0117je. Visa tai leid\u017eia mums suteikti Jums &hellip; Slapuk\u0173 politika Read More \u00bb","og_url":"https:\/\/aurumtraining.co.uk\/lt\/slapuku-politika\/","og_site_name":"Aurum Training","article_modified_time":"2023-05-24T14:02:19+00:00","twitter_card":"summary_large_image","twitter_misc":{"Est. reading time":"2 minut\u0117s"},"schema":{"@context":"https:\/\/schema.org","@graph":[{"@type":"WebPage","@id":"https:\/\/aurumtraining.co.uk\/lt\/slapuku-politika\/","url":"https:\/\/aurumtraining.co.uk\/lt\/slapuku-politika\/","name":"Slapuk\u0173 politika - Aurum Training","isPartOf":{"@id":"https:\/\/aurumtraining.co.uk\/#website"},"datePublished":"2023-04-26T14:58:41+00:00","dateModified":"2023-05-24T14:02:19+00:00","breadcrumb":{"@id":"https:\/\/aurumtraining.co.uk\/lt\/slapuku-politika\/#breadcrumb"},"inLanguage":"lt-LT","potentialAction":[{"@type":"ReadAction","target":["https:\/\/aurumtraining.co.uk\/lt\/slapuku-politika\/"]}]},{"@type":"BreadcrumbList","@id":"https:\/\/aurumtraining.co.uk\/lt\/slapuku-politika\/#breadcrumb","itemListElement":[{"@type":"ListItem","position":1,"name":"Home","item":"https:\/\/aurumtraining.co.uk\/lt\/"},{"@type":"ListItem","position":2,"name":"Slapuk\u0173 politika"}]},{"@type":"WebSite","@id":"https:\/\/aurumtraining.co.uk\/#website","url":"https:\/\/aurumtraining.co.uk\/","name":"Aurum Training","description":"","publisher":{"@id":"https:\/\/aurumtraining.co.uk\/#organization"},"potentialAction":[{"@type":"SearchAction","target":{"@type":"EntryPoint","urlTemplate":"https:\/\/aurumtraining.co.uk\/?s={search_term_string}"},"query-input":"required name=search_term_string"}],"inLanguage":"lt-LT"},{"@type":"Organization","@id":"https:\/\/aurumtraining.co.uk\/#organization","name":"Aurum Training","url":"https:\/\/aurumtraining.co.uk\/","logo":{"@type":"ImageObject","inLanguage":"lt-LT","@id":"https:\/\/aurumtraining.co.uk\/#\/schema\/logo\/image\/","url":"https:\/\/aurumtraining.co.uk\/wp-content\/uploads\/2023\/04\/Aurum-training-consultant-logo-scaled.webp","contentUrl":"https:\/\/aurumtraining.co.uk\/wp-content\/uploads\/2023\/04\/Aurum-training-consultant-logo-scaled.webp","width":2560,"height":961,"caption":"Aurum Training"},"image":{"@id":"https:\/\/aurumtraining.co.uk\/#\/schema\/logo\/image\/"}}]}},"_links":{"self":[{"href":"https:\/\/aurumtraining.co.uk\/lt\/wp-json\/wp\/v2\/pages\/179"}],"collection":[{"href":"https:\/\/aurumtraining.co.uk\/lt\/wp-json\/wp\/v2\/pages"}],"about":[{"href":"https:\/\/aurumtraining.co.uk\/lt\/wp-json\/wp\/v2\/types\/page"}],"author":[{"embeddable":true,"href":"https:\/\/aurumtraining.co.uk\/lt\/wp-json\/wp\/v2\/users\/1"}],"replies":[{"embeddable":true,"href":"https:\/\/aurumtraining.co.uk\/lt\/wp-json\/wp\/v2\/comments?post=179"}],"version-history":[{"count":0,"href":"https:\/\/aurumtraining.co.uk\/lt\/wp-json\/wp\/v2\/pages\/179\/revisions"}],"wp:attachment":[{"href":"https:\/\/aurumtraining.co.uk\/lt\/wp-json\/wp\/v2\/media?parent=179"}],"curies":[{"name":"wp","href":"https:\/\/api.w.org\/{rel}","templated":true}]}}