{"id":31,"date":"2023-04-26T13:04:23","date_gmt":"2023-04-26T13:04:23","guid":{"rendered":"https:\/\/aurumtraining.co.uk\/?page_id=31"},"modified":"2023-06-01T00:04:25","modified_gmt":"2023-05-31T21:04:25","slug":"apie-mus","status":"publish","type":"page","link":"https:\/\/aurumtraining.co.uk\/lt\/apie-mus\/","title":{"rendered":"Apie mus"},"content":{"rendered":"\t\t<div data-elementor-type=\"wp-page\" data-elementor-id=\"31\" class=\"elementor elementor-31\" data-elementor-post-type=\"page\">\n\t\t\t\t\t\t\t\t\t<section class=\"elementor-section elementor-top-section elementor-element elementor-element-5d8b9c9 elementor-section-full_width elementor-section-height-default elementor-section-height-default\" data-id=\"5d8b9c9\" data-element_type=\"section\" data-settings=\"{&quot;background_background&quot;:&quot;classic&quot;,&quot;_ha_eqh_enable&quot;:false}\">\n\t\t\t\t\t\t\t<div class=\"elementor-background-overlay\"><\/div>\n\t\t\t\t\t\t\t<div class=\"elementor-container elementor-column-gap-default\">\n\t\t\t\t\t<div class=\"elementor-column elementor-col-100 elementor-top-column elementor-element elementor-element-2fbe669 elementor-invisible\" data-id=\"2fbe669\" data-element_type=\"column\" data-settings=\"{&quot;animation&quot;:&quot;fadeInRight&quot;}\">\n\t\t\t<div class=\"elementor-widget-wrap elementor-element-populated\">\n\t\t\t\t\t\t\t\t<div class=\"elementor-element elementor-element-2550817 elementor-widget elementor-widget-heading\" data-id=\"2550817\" data-element_type=\"widget\" data-widget_type=\"heading.default\">\n\t\t\t\t<div class=\"elementor-widget-container\">\n\t\t\t<style>\/*! elementor - v3.17.0 - 01-11-2023 *\/\n.elementor-heading-title{padding:0;margin:0;line-height:1}.elementor-widget-heading .elementor-heading-title[class*=elementor-size-]>a{color:inherit;font-size:inherit;line-height:inherit}.elementor-widget-heading .elementor-heading-title.elementor-size-small{font-size:15px}.elementor-widget-heading .elementor-heading-title.elementor-size-medium{font-size:19px}.elementor-widget-heading .elementor-heading-title.elementor-size-large{font-size:29px}.elementor-widget-heading .elementor-heading-title.elementor-size-xl{font-size:39px}.elementor-widget-heading .elementor-heading-title.elementor-size-xxl{font-size:59px}<\/style><h1 class=\"elementor-heading-title elementor-size-default\">Apie mus<\/h1>\t\t<\/div>\n\t\t\t\t<\/div>\n\t\t\t\t\t<\/div>\n\t\t<\/div>\n\t\t\t\t\t\t\t<\/div>\n\t\t<\/section>\n\t\t\t\t<section class=\"elementor-section elementor-top-section elementor-element elementor-element-beb1ffb elementor-section-full_width elementor-section-height-default elementor-section-height-default\" data-id=\"beb1ffb\" data-element_type=\"section\" data-settings=\"{&quot;_ha_eqh_enable&quot;:false}\">\n\t\t\t\t\t\t<div class=\"elementor-container elementor-column-gap-default\">\n\t\t\t\t\t<div class=\"elementor-column elementor-col-50 elementor-top-column elementor-element elementor-element-373175c\" data-id=\"373175c\" data-element_type=\"column\">\n\t\t\t<div class=\"elementor-widget-wrap elementor-element-populated\">\n\t\t\t\t\t\t\t\t<div class=\"elementor-element elementor-element-648c98ae elementor-widget elementor-widget-heading\" data-id=\"648c98ae\" data-element_type=\"widget\" data-widget_type=\"heading.default\">\n\t\t\t\t<div class=\"elementor-widget-container\">\n\t\t\t<h2 class=\"elementor-heading-title elementor-size-default\">Profesionalumas<\/h2>\t\t<\/div>\n\t\t\t\t<\/div>\n\t\t\t\t<div class=\"elementor-element elementor-element-12a4c46 elementor-widget elementor-widget-heading\" data-id=\"12a4c46\" data-element_type=\"widget\" data-widget_type=\"heading.default\">\n\t\t\t\t<div class=\"elementor-widget-container\">\n\t\t\t<h2 class=\"elementor-heading-title elementor-size-default\">M\u016bs\u0173 i\u0161skirtinumai<\/h2>\t\t<\/div>\n\t\t\t\t<\/div>\n\t\t\t\t<div class=\"elementor-element elementor-element-62ec886b elementor-widget elementor-widget-ha-skills happy-addon ha-skills\" data-id=\"62ec886b\" data-element_type=\"widget\" data-widget_type=\"ha-skills.default\">\n\t\t\t\t<div class=\"elementor-widget-container\">\n\t\t\t            <div class=\"ha-skill ha-skill--outside elementor-repeater-item-2b9e29e\">\n                <div class=\"ha-skill-level\" data-level=\"100\">\n                    <div class=\"ha-skill-info\"><span class=\"ha-skill-name\">Patirtis<\/span><span class=\"ha-skill-level-text\"><\/span><\/div>\n                <\/div>\n            <\/div>\n                        <div class=\"ha-skill ha-skill--outside elementor-repeater-item-607134d\">\n                <div class=\"ha-skill-level\" data-level=\"100\">\n                    <div class=\"ha-skill-info\"><span class=\"ha-skill-name\">Patikimumas<\/span><span class=\"ha-skill-level-text\"><\/span><\/div>\n                <\/div>\n            <\/div>\n                        <div class=\"ha-skill ha-skill--outside elementor-repeater-item-836ed8d\">\n                <div class=\"ha-skill-level\" data-level=\"100\">\n                    <div class=\"ha-skill-info\"><span class=\"ha-skill-name\">Greitis<\/span><span class=\"ha-skill-level-text\"><\/span><\/div>\n                <\/div>\n            <\/div>\n                        <div class=\"ha-skill ha-skill--outside elementor-repeater-item-3e5fbbb\">\n                <div class=\"ha-skill-level\" data-level=\"100\">\n                    <div class=\"ha-skill-info\"><span class=\"ha-skill-name\">Kokyb\u0117<\/span><span class=\"ha-skill-level-text\"><\/span><\/div>\n                <\/div>\n            <\/div>\n            \t\t<\/div>\n\t\t\t\t<\/div>\n\t\t\t\t<section class=\"elementor-section elementor-inner-section elementor-element elementor-element-a3f4a83 elementor-section-full_width elementor-section-height-default elementor-section-height-default\" data-id=\"a3f4a83\" data-element_type=\"section\" data-settings=\"{&quot;_ha_eqh_enable&quot;:false}\">\n\t\t\t\t\t\t<div class=\"elementor-container elementor-column-gap-default\">\n\t\t\t\t\t<div class=\"elementor-column elementor-col-50 elementor-inner-column elementor-element elementor-element-b84645b\" data-id=\"b84645b\" data-element_type=\"column\">\n\t\t\t<div class=\"elementor-widget-wrap elementor-element-populated\">\n\t\t\t\t\t\t\t\t<div class=\"elementor-element elementor-element-9428fee elementor-align-left elementor-widget elementor-widget-button\" data-id=\"9428fee\" data-element_type=\"widget\" data-widget_type=\"button.default\">\n\t\t\t\t<div class=\"elementor-widget-container\">\n\t\t\t\t\t<div class=\"elementor-button-wrapper\">\n\t\t\t<a class=\"elementor-button elementor-button-link elementor-size-sm\" href=\"http:\/\/tel.+447740987496\" target=\"_blank\">\n\t\t\t\t\t\t<span class=\"elementor-button-content-wrapper\">\n\t\t\t\t\t\t<span class=\"elementor-button-text\">+447740987496<\/span>\n\t\t<\/span>\n\t\t\t\t\t<\/a>\n\t\t<\/div>\n\t\t\t\t<\/div>\n\t\t\t\t<\/div>\n\t\t\t\t\t<\/div>\n\t\t<\/div>\n\t\t\t\t<div class=\"elementor-column elementor-col-50 elementor-inner-column elementor-element elementor-element-346c880\" data-id=\"346c880\" data-element_type=\"column\">\n\t\t\t<div class=\"elementor-widget-wrap elementor-element-populated\">\n\t\t\t\t\t\t\t\t<div class=\"elementor-element elementor-element-1778cd2 elementor-align-left elementor-widget elementor-widget-button\" data-id=\"1778cd2\" data-element_type=\"widget\" data-widget_type=\"button.default\">\n\t\t\t\t<div class=\"elementor-widget-container\">\n\t\t\t\t\t<div class=\"elementor-button-wrapper\">\n\t\t\t<a class=\"elementor-button elementor-button-link elementor-size-sm\" href=\"mailto:info@aurumtraining.com.uk\" target=\"_blank\">\n\t\t\t\t\t\t<span class=\"elementor-button-content-wrapper\">\n\t\t\t\t\t\t<span class=\"elementor-button-text\">info@aurumtraining.com.uk<\/span>\n\t\t<\/span>\n\t\t\t\t\t<\/a>\n\t\t<\/div>\n\t\t\t\t<\/div>\n\t\t\t\t<\/div>\n\t\t\t\t\t<\/div>\n\t\t<\/div>\n\t\t\t\t\t\t\t<\/div>\n\t\t<\/section>\n\t\t\t\t\t<\/div>\n\t\t<\/div>\n\t\t\t\t<div class=\"elementor-column elementor-col-50 elementor-top-column elementor-element elementor-element-b2b1fed\" data-id=\"b2b1fed\" data-element_type=\"column\">\n\t\t\t<div class=\"elementor-widget-wrap elementor-element-populated\">\n\t\t\t\t\t\t\t\t<div class=\"elementor-element elementor-element-b1f2041 elementor-widget elementor-widget-text-editor\" data-id=\"b1f2041\" data-element_type=\"widget\" data-widget_type=\"text-editor.default\">\n\t\t\t\t<div class=\"elementor-widget-container\">\n\t\t\t<style>\/*! elementor - v3.17.0 - 01-11-2023 *\/\n.elementor-widget-text-editor.elementor-drop-cap-view-stacked .elementor-drop-cap{background-color:#69727d;color:#fff}.elementor-widget-text-editor.elementor-drop-cap-view-framed .elementor-drop-cap{color:#69727d;border:3px solid;background-color:transparent}.elementor-widget-text-editor:not(.elementor-drop-cap-view-default) .elementor-drop-cap{margin-top:8px}.elementor-widget-text-editor:not(.elementor-drop-cap-view-default) .elementor-drop-cap-letter{width:1em;height:1em}.elementor-widget-text-editor .elementor-drop-cap{float:left;text-align:center;line-height:1;font-size:50px}.elementor-widget-text-editor .elementor-drop-cap-letter{display:inline-block}<\/style>\t\t\t\t<p>Aurum Training Consultant \u012fkur\u0117jas &#8211; Aurimas, kuris daugiau nei 13 met\u0173 dirba Anglijoje, mokym\u0173 ir \u012fvairi\u0173 kurs\u0173 sferoje. Savo \u017einias ir patirt\u012f prad\u0117jo kaupti MV &amp; Sons Forklift Training Services kompanijoje, kurioje dirba nuo pat pirmos atidarymo dienos, iki dabar. Per tiek met\u0173 pad\u0117ta jau t\u016bkstan\u010diams tautie\u010di\u0173 ir netik, i\u0161silaikyti \u012fvairios technikos kursus ir tapti kvalifikuotais vairuotojais. Per \u0161\u012f laikotarp\u012f teko susidurti ne tik su darbo technikos kursais, ta\u010diau ir kitokiais, kaip <a href=\"https:\/\/aurumtraining.co.uk\/kursai\/\">NVQ<\/a> savo darbo sri\u010di\u0173 kvalifikacijomis, <a href=\"https:\/\/aurumtraining.co.uk\/kursai\/\">Supervisor SSSTS<\/a> ir <a href=\"https:\/\/aurumtraining.co.uk\/lt\/kursai\/\">Manager SMSTS<\/a>,\u00a0 \u012fvairiais elektrik\u0173, <a href=\"https:\/\/aurumtraining.co.uk\/lt\/kursai\/\">CSCS<\/a> statyb\u0173 saugos, <a href=\"https:\/\/aurumtraining.co.uk\/lt\/kursai\/\">First Aider<\/a> pirmos pagalbos, <a href=\"https:\/\/aurumtraining.co.uk\/lt\/kursai\/\">Working at Heights<\/a> darbo auk\u0161tyje kursais ir dar daugel\u012f kit\u0173. Svetimoje \u0161alyje kartais tiesiog ne\u017einome nuo ko visk\u0105 reikia prad\u0117ti, kur kreiptis. Kartais sutrukdo kalbos barjeras, o kartais tiesiog pritr\u016bksta dr\u0105sos ka\u017ekam ry\u017etis. Tad nutariau vis\u0105 savo sukaupt\u0105 patirt\u012f ir \u017einias\u00a0 panaudoti suteikiant \u017emon\u0117ms vis\u0105 reikiam\u0105 informacij\u0105 apie dominan\u010dius kursus, padedant jiems pasiruo\u0161ti ir s\u0117kmingai i\u0161silaikyti norimas kvalifikacijas. \u00a0Nebijokite siekti savo tikls\u0173, o visus klausimus ir techninius dalykus palikite mums.<\/p>\t\t\t\t\t\t<\/div>\n\t\t\t\t<\/div>\n\t\t\t\t\t<\/div>\n\t\t<\/div>\n\t\t\t\t\t\t\t<\/div>\n\t\t<\/section>\n\t\t\t\t\t\t\t<\/div>\n\t\t","protected":false},"excerpt":{"rendered":"<p>Apie mus Profesionalumas M\u016bs\u0173 i\u0161skirtinumai Patirtis Patikimumas Greitis Kokyb\u0117 +447740987496 info@aurumtraining.com.uk Aurum Training Consultant \u012fkur\u0117jas &#8211; Aurimas, kuris daugiau nei 13 met\u0173 dirba Anglijoje, mokym\u0173 ir \u012fvairi\u0173 kurs\u0173 sferoje. Savo \u017einias ir patirt\u012f prad\u0117jo kaupti MV &amp; Sons Forklift Training Services kompanijoje, kurioje dirba nuo pat pirmos atidarymo dienos, iki dabar. Per tiek met\u0173 pad\u0117ta &hellip;<\/p>\n<p class=\"read-more\"> <a class=\"\" href=\"https:\/\/aurumtraining.co.uk\/lt\/apie-mus\/\"> <span class=\"screen-reader-text\">Apie mus<\/span> Read More \u00bb<\/a><\/p>\n","protected":false},"author":1,"featured_media":0,"parent":0,"menu_order":0,"comment_status":"closed","ping_status":"closed","template":"","meta":{"site-sidebar-layout":"no-sidebar","site-content-layout":"page-builder","ast-site-content-layout":"","site-content-style":"default","site-sidebar-style":"default","ast-global-header-display":"","ast-banner-title-visibility":"","ast-main-header-display":"","ast-hfb-above-header-display":"","ast-hfb-below-header-display":"","ast-hfb-mobile-header-display":"","site-post-title":"disabled","ast-breadcrumbs-content":"","ast-featured-img":"disabled","footer-sml-layout":"","theme-transparent-header-meta":"","adv-header-id-meta":"","stick-header-meta":"","header-above-stick-meta":"","header-main-stick-meta":"","header-below-stick-meta":"","astra-migrate-meta-layouts":"","ast-page-background-enabled":"default","ast-page-background-meta":{"desktop":{"background-color":"var(--ast-global-color-4)","background-image":"","background-repeat":"repeat","background-position":"center center","background-size":"auto","background-attachment":"scroll","background-type":"","background-media":"","overlay-type":"","overlay-color":"","overlay-gradient":""},"tablet":{"background-color":"","background-image":"","background-repeat":"repeat","background-position":"center center","background-size":"auto","background-attachment":"scroll","background-type":"","background-media":"","overlay-type":"","overlay-color":"","overlay-gradient":""},"mobile":{"background-color":"","background-image":"","background-repeat":"repeat","background-position":"center center","background-size":"auto","background-attachment":"scroll","background-type":"","background-media":"","overlay-type":"","overlay-color":"","overlay-gradient":""}},"ast-content-background-meta":{"desktop":{"background-color":"var(--ast-global-color-5)","background-image":"","background-repeat":"repeat","background-position":"center center","background-size":"auto","background-attachment":"scroll","background-type":"","background-media":"","overlay-type":"","overlay-color":"","overlay-gradient":""},"tablet":{"background-color":"var(--ast-global-color-5)","background-image":"","background-repeat":"repeat","background-position":"center center","background-size":"auto","background-attachment":"scroll","background-type":"","background-media":"","overlay-type":"","overlay-color":"","overlay-gradient":""},"mobile":{"background-color":"var(--ast-global-color-5)","background-image":"","background-repeat":"repeat","background-position":"center center","background-size":"auto","background-attachment":"scroll","background-type":"","background-media":"","overlay-type":"","overlay-color":"","overlay-gradient":""}},"footnotes":""},"yoast_head":"<!-- This site is optimized with the Yoast SEO Premium plugin v21.5 (Yoast SEO v21.5) - https:\/\/yoast.com\/wordpress\/plugins\/seo\/ -->\n<title>Apie mus - Aurum Training<\/title>\n<meta name=\"robots\" content=\"index, follow, max-snippet:-1, max-image-preview:large, max-video-preview:-1\" \/>\n<link rel=\"canonical\" href=\"https:\/\/aurumtraining.co.uk\/lt\/apie-mus\/\" \/>\n<meta property=\"og:locale\" content=\"lt_LT\" \/>\n<meta property=\"og:type\" content=\"article\" \/>\n<meta property=\"og:title\" content=\"Apie mus\" \/>\n<meta property=\"og:description\" content=\"Apie mus Profesionalumas M\u016bs\u0173 i\u0161skirtinumai Patirtis Patikimumas Greitis Kokyb\u0117 +447740987496 info@aurumtraining.com.uk Aurum Training Consultant \u012fkur\u0117jas &#8211; Aurimas, kuris daugiau nei 13 met\u0173 dirba Anglijoje, mokym\u0173 ir \u012fvairi\u0173 kurs\u0173 sferoje. Savo \u017einias ir patirt\u012f prad\u0117jo kaupti MV &amp; Sons Forklift Training Services kompanijoje, kurioje dirba nuo pat pirmos atidarymo dienos, iki dabar. Per tiek met\u0173 pad\u0117ta &hellip; Apie mus Read More \u00bb\" \/>\n<meta property=\"og:url\" content=\"https:\/\/aurumtraining.co.uk\/lt\/apie-mus\/\" \/>\n<meta property=\"og:site_name\" content=\"Aurum Training\" \/>\n<meta property=\"article:modified_time\" content=\"2023-05-31T21:04:25+00:00\" \/>\n<meta name=\"twitter:card\" content=\"summary_large_image\" \/>\n<meta name=\"twitter:label1\" content=\"Est. reading time\" \/>\n\t<meta name=\"twitter:data1\" content=\"1 minut\u0117\" \/>\n<script type=\"application\/ld+json\" class=\"yoast-schema-graph\">{\"@context\":\"https:\/\/schema.org\",\"@graph\":[{\"@type\":\"WebPage\",\"@id\":\"https:\/\/aurumtraining.co.uk\/lt\/apie-mus\/\",\"url\":\"https:\/\/aurumtraining.co.uk\/lt\/apie-mus\/\",\"name\":\"Apie mus - Aurum Training\",\"isPartOf\":{\"@id\":\"https:\/\/aurumtraining.co.uk\/#website\"},\"datePublished\":\"2023-04-26T13:04:23+00:00\",\"dateModified\":\"2023-05-31T21:04:25+00:00\",\"breadcrumb\":{\"@id\":\"https:\/\/aurumtraining.co.uk\/lt\/apie-mus\/#breadcrumb\"},\"inLanguage\":\"lt-LT\",\"potentialAction\":[{\"@type\":\"ReadAction\",\"target\":[\"https:\/\/aurumtraining.co.uk\/lt\/apie-mus\/\"]}]},{\"@type\":\"BreadcrumbList\",\"@id\":\"https:\/\/aurumtraining.co.uk\/lt\/apie-mus\/#breadcrumb\",\"itemListElement\":[{\"@type\":\"ListItem\",\"position\":1,\"name\":\"Home\",\"item\":\"https:\/\/aurumtraining.co.uk\/lt\/\"},{\"@type\":\"ListItem\",\"position\":2,\"name\":\"Apie mus\"}]},{\"@type\":\"WebSite\",\"@id\":\"https:\/\/aurumtraining.co.uk\/#website\",\"url\":\"https:\/\/aurumtraining.co.uk\/\",\"name\":\"Aurum Training\",\"description\":\"\",\"publisher\":{\"@id\":\"https:\/\/aurumtraining.co.uk\/#organization\"},\"potentialAction\":[{\"@type\":\"SearchAction\",\"target\":{\"@type\":\"EntryPoint\",\"urlTemplate\":\"https:\/\/aurumtraining.co.uk\/?s={search_term_string}\"},\"query-input\":\"required name=search_term_string\"}],\"inLanguage\":\"lt-LT\"},{\"@type\":\"Organization\",\"@id\":\"https:\/\/aurumtraining.co.uk\/#organization\",\"name\":\"Aurum Training\",\"url\":\"https:\/\/aurumtraining.co.uk\/\",\"logo\":{\"@type\":\"ImageObject\",\"inLanguage\":\"lt-LT\",\"@id\":\"https:\/\/aurumtraining.co.uk\/#\/schema\/logo\/image\/\",\"url\":\"https:\/\/aurumtraining.co.uk\/wp-content\/uploads\/2023\/04\/Aurum-training-consultant-logo-scaled.webp\",\"contentUrl\":\"https:\/\/aurumtraining.co.uk\/wp-content\/uploads\/2023\/04\/Aurum-training-consultant-logo-scaled.webp\",\"width\":2560,\"height\":961,\"caption\":\"Aurum Training\"},\"image\":{\"@id\":\"https:\/\/aurumtraining.co.uk\/#\/schema\/logo\/image\/\"}}]}<\/script>\n<!-- \/ Yoast SEO Premium plugin. -->","yoast_head_json":{"title":"Apie mus - Aurum Training","robots":{"index":"index","follow":"follow","max-snippet":"max-snippet:-1","max-image-preview":"max-image-preview:large","max-video-preview":"max-video-preview:-1"},"canonical":"https:\/\/aurumtraining.co.uk\/lt\/apie-mus\/","og_locale":"lt_LT","og_type":"article","og_title":"Apie mus","og_description":"Apie mus Profesionalumas M\u016bs\u0173 i\u0161skirtinumai Patirtis Patikimumas Greitis Kokyb\u0117 +447740987496 info@aurumtraining.com.uk Aurum Training Consultant \u012fkur\u0117jas &#8211; Aurimas, kuris daugiau nei 13 met\u0173 dirba Anglijoje, mokym\u0173 ir \u012fvairi\u0173 kurs\u0173 sferoje. Savo \u017einias ir patirt\u012f prad\u0117jo kaupti MV &amp; Sons Forklift Training Services kompanijoje, kurioje dirba nuo pat pirmos atidarymo dienos, iki dabar. Per tiek met\u0173 pad\u0117ta &hellip; Apie mus Read More \u00bb","og_url":"https:\/\/aurumtraining.co.uk\/lt\/apie-mus\/","og_site_name":"Aurum Training","article_modified_time":"2023-05-31T21:04:25+00:00","twitter_card":"summary_large_image","twitter_misc":{"Est. reading time":"1 minut\u0117"},"schema":{"@context":"https:\/\/schema.org","@graph":[{"@type":"WebPage","@id":"https:\/\/aurumtraining.co.uk\/lt\/apie-mus\/","url":"https:\/\/aurumtraining.co.uk\/lt\/apie-mus\/","name":"Apie mus - Aurum Training","isPartOf":{"@id":"https:\/\/aurumtraining.co.uk\/#website"},"datePublished":"2023-04-26T13:04:23+00:00","dateModified":"2023-05-31T21:04:25+00:00","breadcrumb":{"@id":"https:\/\/aurumtraining.co.uk\/lt\/apie-mus\/#breadcrumb"},"inLanguage":"lt-LT","potentialAction":[{"@type":"ReadAction","target":["https:\/\/aurumtraining.co.uk\/lt\/apie-mus\/"]}]},{"@type":"BreadcrumbList","@id":"https:\/\/aurumtraining.co.uk\/lt\/apie-mus\/#breadcrumb","itemListElement":[{"@type":"ListItem","position":1,"name":"Home","item":"https:\/\/aurumtraining.co.uk\/lt\/"},{"@type":"ListItem","position":2,"name":"Apie mus"}]},{"@type":"WebSite","@id":"https:\/\/aurumtraining.co.uk\/#website","url":"https:\/\/aurumtraining.co.uk\/","name":"Aurum Training","description":"","publisher":{"@id":"https:\/\/aurumtraining.co.uk\/#organization"},"potentialAction":[{"@type":"SearchAction","target":{"@type":"EntryPoint","urlTemplate":"https:\/\/aurumtraining.co.uk\/?s={search_term_string}"},"query-input":"required name=search_term_string"}],"inLanguage":"lt-LT"},{"@type":"Organization","@id":"https:\/\/aurumtraining.co.uk\/#organization","name":"Aurum Training","url":"https:\/\/aurumtraining.co.uk\/","logo":{"@type":"ImageObject","inLanguage":"lt-LT","@id":"https:\/\/aurumtraining.co.uk\/#\/schema\/logo\/image\/","url":"https:\/\/aurumtraining.co.uk\/wp-content\/uploads\/2023\/04\/Aurum-training-consultant-logo-scaled.webp","contentUrl":"https:\/\/aurumtraining.co.uk\/wp-content\/uploads\/2023\/04\/Aurum-training-consultant-logo-scaled.webp","width":2560,"height":961,"caption":"Aurum Training"},"image":{"@id":"https:\/\/aurumtraining.co.uk\/#\/schema\/logo\/image\/"}}]}},"_links":{"self":[{"href":"https:\/\/aurumtraining.co.uk\/lt\/wp-json\/wp\/v2\/pages\/31"}],"collection":[{"href":"https:\/\/aurumtraining.co.uk\/lt\/wp-json\/wp\/v2\/pages"}],"about":[{"href":"https:\/\/aurumtraining.co.uk\/lt\/wp-json\/wp\/v2\/types\/page"}],"author":[{"embeddable":true,"href":"https:\/\/aurumtraining.co.uk\/lt\/wp-json\/wp\/v2\/users\/1"}],"replies":[{"embeddable":true,"href":"https:\/\/aurumtraining.co.uk\/lt\/wp-json\/wp\/v2\/comments?post=31"}],"version-history":[{"count":3,"href":"https:\/\/aurumtraining.co.uk\/lt\/wp-json\/wp\/v2\/pages\/31\/revisions"}],"predecessor-version":[{"id":1326,"href":"https:\/\/aurumtraining.co.uk\/lt\/wp-json\/wp\/v2\/pages\/31\/revisions\/1326"}],"wp:attachment":[{"href":"https:\/\/aurumtraining.co.uk\/lt\/wp-json\/wp\/v2\/media?parent=31"}],"curies":[{"name":"wp","href":"https:\/\/api.w.org\/{rel}","templated":true}]}}