{"id":1397,"date":"2023-04-26T13:04:23","date_gmt":"2023-04-26T10:04:23","guid":{"rendered":"https:\/\/aurumtraining.co.uk\/despre-noi\/"},"modified":"2023-10-18T14:48:36","modified_gmt":"2023-10-18T11:48:36","slug":"despre-noi","status":"publish","type":"page","link":"https:\/\/aurumtraining.co.uk\/ro\/despre-noi\/","title":{"rendered":"Despre noi"},"content":{"rendered":"\t\t<div data-elementor-type=\"wp-page\" data-elementor-id=\"1397\" class=\"elementor elementor-1397 elementor-31\" data-elementor-post-type=\"page\">\n\t\t\t\t\t\t\t\t\t<section class=\"elementor-section elementor-top-section elementor-element elementor-element-5d8b9c9 elementor-section-full_width elementor-section-height-default elementor-section-height-default\" data-id=\"5d8b9c9\" data-element_type=\"section\" data-settings=\"{&quot;background_background&quot;:&quot;classic&quot;,&quot;_ha_eqh_enable&quot;:false}\">\n\t\t\t\t\t\t\t<div class=\"elementor-background-overlay\"><\/div>\n\t\t\t\t\t\t\t<div class=\"elementor-container elementor-column-gap-default\">\n\t\t\t\t\t<div class=\"elementor-column elementor-col-100 elementor-top-column elementor-element elementor-element-2fbe669 elementor-invisible\" data-id=\"2fbe669\" data-element_type=\"column\" data-settings=\"{&quot;animation&quot;:&quot;fadeInRight&quot;}\">\n\t\t\t<div class=\"elementor-widget-wrap elementor-element-populated\">\n\t\t\t\t\t\t\t\t<div class=\"elementor-element elementor-element-2550817 elementor-widget elementor-widget-heading\" data-id=\"2550817\" data-element_type=\"widget\" data-widget_type=\"heading.default\">\n\t\t\t\t<div class=\"elementor-widget-container\">\n\t\t\t<style>\/*! elementor - v3.17.0 - 01-11-2023 *\/\n.elementor-heading-title{padding:0;margin:0;line-height:1}.elementor-widget-heading .elementor-heading-title[class*=elementor-size-]>a{color:inherit;font-size:inherit;line-height:inherit}.elementor-widget-heading .elementor-heading-title.elementor-size-small{font-size:15px}.elementor-widget-heading .elementor-heading-title.elementor-size-medium{font-size:19px}.elementor-widget-heading .elementor-heading-title.elementor-size-large{font-size:29px}.elementor-widget-heading .elementor-heading-title.elementor-size-xl{font-size:39px}.elementor-widget-heading .elementor-heading-title.elementor-size-xxl{font-size:59px}<\/style><h1 class=\"elementor-heading-title elementor-size-default\">Despre noi<\/h1>\t\t<\/div>\n\t\t\t\t<\/div>\n\t\t\t\t\t<\/div>\n\t\t<\/div>\n\t\t\t\t\t\t\t<\/div>\n\t\t<\/section>\n\t\t\t\t<section class=\"elementor-section elementor-top-section elementor-element elementor-element-beb1ffb elementor-section-full_width elementor-section-height-default elementor-section-height-default\" data-id=\"beb1ffb\" data-element_type=\"section\" data-settings=\"{&quot;_ha_eqh_enable&quot;:false}\">\n\t\t\t\t\t\t<div class=\"elementor-container elementor-column-gap-default\">\n\t\t\t\t\t<div class=\"elementor-column elementor-col-50 elementor-top-column elementor-element elementor-element-373175c\" data-id=\"373175c\" data-element_type=\"column\">\n\t\t\t<div class=\"elementor-widget-wrap elementor-element-populated\">\n\t\t\t\t\t\t\t\t<div class=\"elementor-element elementor-element-648c98ae elementor-widget elementor-widget-heading\" data-id=\"648c98ae\" data-element_type=\"widget\" data-widget_type=\"heading.default\">\n\t\t\t\t<div class=\"elementor-widget-container\">\n\t\t\t<h2 class=\"elementor-heading-title elementor-size-default\">Profesionalism<\/h2>\t\t<\/div>\n\t\t\t\t<\/div>\n\t\t\t\t<div class=\"elementor-element elementor-element-12a4c46 elementor-widget elementor-widget-heading\" data-id=\"12a4c46\" data-element_type=\"widget\" data-widget_type=\"heading.default\">\n\t\t\t\t<div class=\"elementor-widget-container\">\n\t\t\t<h2 class=\"elementor-heading-title elementor-size-default\">Specialit\u0103\u021bile noastre<\/h2>\t\t<\/div>\n\t\t\t\t<\/div>\n\t\t\t\t<div class=\"elementor-element elementor-element-62ec886b elementor-widget elementor-widget-ha-skills happy-addon ha-skills\" data-id=\"62ec886b\" data-element_type=\"widget\" data-widget_type=\"ha-skills.default\">\n\t\t\t\t<div class=\"elementor-widget-container\">\n\t\t\t            <div class=\"ha-skill ha-skill--outside elementor-repeater-item-2b9e29e\">\n                <div class=\"ha-skill-level\" data-level=\"100\">\n                    <div class=\"ha-skill-info\"><span class=\"ha-skill-name\">Experien\u0163\u0103<\/span><span class=\"ha-skill-level-text\"><\/span><\/div>\n                <\/div>\n            <\/div>\n                        <div class=\"ha-skill ha-skill--outside elementor-repeater-item-607134d\">\n                <div class=\"ha-skill-level\" data-level=\"100\">\n                    <div class=\"ha-skill-info\"><span class=\"ha-skill-name\">Fiabilitate<\/span><span class=\"ha-skill-level-text\"><\/span><\/div>\n                <\/div>\n            <\/div>\n                        <div class=\"ha-skill ha-skill--outside elementor-repeater-item-836ed8d\">\n                <div class=\"ha-skill-level\" data-level=\"100\">\n                    <div class=\"ha-skill-info\"><span class=\"ha-skill-name\">Vitez\u0103<\/span><span class=\"ha-skill-level-text\"><\/span><\/div>\n                <\/div>\n            <\/div>\n                        <div class=\"ha-skill ha-skill--outside elementor-repeater-item-3e5fbbb\">\n                <div class=\"ha-skill-level\" data-level=\"100\">\n                    <div class=\"ha-skill-info\"><span class=\"ha-skill-name\">Calitate<\/span><span class=\"ha-skill-level-text\"><\/span><\/div>\n                <\/div>\n            <\/div>\n            \t\t<\/div>\n\t\t\t\t<\/div>\n\t\t\t\t<section class=\"elementor-section elementor-inner-section elementor-element elementor-element-a3f4a83 elementor-section-full_width elementor-section-height-default elementor-section-height-default\" data-id=\"a3f4a83\" data-element_type=\"section\" data-settings=\"{&quot;_ha_eqh_enable&quot;:false}\">\n\t\t\t\t\t\t<div class=\"elementor-container elementor-column-gap-default\">\n\t\t\t\t\t<div class=\"elementor-column elementor-col-50 elementor-inner-column elementor-element elementor-element-b84645b\" data-id=\"b84645b\" data-element_type=\"column\">\n\t\t\t<div class=\"elementor-widget-wrap elementor-element-populated\">\n\t\t\t\t\t\t\t\t<div class=\"elementor-element elementor-element-9428fee elementor-align-left elementor-widget elementor-widget-button\" data-id=\"9428fee\" data-element_type=\"widget\" data-widget_type=\"button.default\">\n\t\t\t\t<div class=\"elementor-widget-container\">\n\t\t\t\t\t<div class=\"elementor-button-wrapper\">\n\t\t\t<a class=\"elementor-button elementor-button-link elementor-size-sm\" href=\"http:\/\/tel.+447740987496\" target=\"_blank\">\n\t\t\t\t\t\t<span class=\"elementor-button-content-wrapper\">\n\t\t\t\t\t\t<span class=\"elementor-button-text\">+447740987496<\/span>\n\t\t<\/span>\n\t\t\t\t\t<\/a>\n\t\t<\/div>\n\t\t\t\t<\/div>\n\t\t\t\t<\/div>\n\t\t\t\t\t<\/div>\n\t\t<\/div>\n\t\t\t\t<div class=\"elementor-column elementor-col-50 elementor-inner-column elementor-element elementor-element-346c880\" data-id=\"346c880\" data-element_type=\"column\">\n\t\t\t<div class=\"elementor-widget-wrap elementor-element-populated\">\n\t\t\t\t\t\t\t\t<div class=\"elementor-element elementor-element-1778cd2 elementor-align-left elementor-widget elementor-widget-button\" data-id=\"1778cd2\" data-element_type=\"widget\" data-widget_type=\"button.default\">\n\t\t\t\t<div class=\"elementor-widget-container\">\n\t\t\t\t\t<div class=\"elementor-button-wrapper\">\n\t\t\t<a class=\"elementor-button elementor-button-link elementor-size-sm\" href=\"mailto:info@aurumtraining.com.uk\" target=\"_blank\">\n\t\t\t\t\t\t<span class=\"elementor-button-content-wrapper\">\n\t\t\t\t\t\t<span class=\"elementor-button-text\">info@aurumtraining.com.uk<\/span>\n\t\t<\/span>\n\t\t\t\t\t<\/a>\n\t\t<\/div>\n\t\t\t\t<\/div>\n\t\t\t\t<\/div>\n\t\t\t\t\t<\/div>\n\t\t<\/div>\n\t\t\t\t\t\t\t<\/div>\n\t\t<\/section>\n\t\t\t\t\t<\/div>\n\t\t<\/div>\n\t\t\t\t<div class=\"elementor-column elementor-col-50 elementor-top-column elementor-element elementor-element-b2b1fed\" data-id=\"b2b1fed\" data-element_type=\"column\">\n\t\t\t<div class=\"elementor-widget-wrap elementor-element-populated\">\n\t\t\t\t\t\t\t\t<div class=\"elementor-element elementor-element-b1f2041 elementor-widget elementor-widget-text-editor\" data-id=\"b1f2041\" data-element_type=\"widget\" data-widget_type=\"text-editor.default\">\n\t\t\t\t<div class=\"elementor-widget-container\">\n\t\t\t<style>\/*! elementor - v3.17.0 - 01-11-2023 *\/\n.elementor-widget-text-editor.elementor-drop-cap-view-stacked .elementor-drop-cap{background-color:#69727d;color:#fff}.elementor-widget-text-editor.elementor-drop-cap-view-framed .elementor-drop-cap{color:#69727d;border:3px solid;background-color:transparent}.elementor-widget-text-editor:not(.elementor-drop-cap-view-default) .elementor-drop-cap{margin-top:8px}.elementor-widget-text-editor:not(.elementor-drop-cap-view-default) .elementor-drop-cap-letter{width:1em;height:1em}.elementor-widget-text-editor .elementor-drop-cap{float:left;text-align:center;line-height:1;font-size:50px}.elementor-widget-text-editor .elementor-drop-cap-letter{display:inline-block}<\/style>\t\t\t\t<p>Aurimas este fondatorul companiei <em>Aurum Training Consultant<\/em>. Acesta lucreaz\u0103 \u00een Anglia de mai bine de 13 ani \u00een domeniul form\u0103rii \u0219i al diverselor cursuri. Aurimas a \u00eenceput s\u0103-\u0219i acumuleze cuno\u0219tin\u021bele \u0219i experien\u021ba la compania MV &amp; Sons Forklift Training Services, unde a lucrat din prima zi de la \u00eenfiin\u021bare. De-a lungul mai multor ani, a ajutat mii de lituanieni s\u0103 promoveze diverse cursuri de formare tehnic\u0103 \u0219i s\u0103 devin\u0103 operatori califica\u021bi. \u00cen aceast\u0103 perioad\u0103, Aurimas a trebuit s\u0103 se ocupe nu numai de cursurile de formare \u00een domeniul echipamentelor opera\u021bionale, ci \u0219i de cursuri precum calific\u0103rile NVQ \u00een anumite domenii de activitate, supervizor SSSTS \u0219i manager SMSTS, diverse cursuri de formare pentru muncitorii electrici, CSCS pentru siguran\u021ba \u00een construc\u021bii, prim-ajutor, lucrul la \u00een\u0103l\u021bime \u0219i multe altele. \u00centr-o \u021bar\u0103 str\u0103in\u0103, uneori pur \u0219i simplu nu \u0219tim cu ce s\u0103 \u00eencepem \u0219i unde s\u0103 mergem. Uneori este vorba de bariera lingvistic\u0103, iar alteori pur \u0219i simplu v\u0103 lipse\u0219te curajul de a lua o decizie. Prin urmare, am decis s\u0103-mi folosesc toat\u0103 experien\u021ba \u0219i cuno\u0219tin\u021bele acumulate pentru a le oferi oamenilor toate informa\u021biile necesare despre cursurile de care sunt interesa\u021bi, pentru a-i ajuta s\u0103 se preg\u0103teasc\u0103 \u0219i s\u0103 ob\u021bin\u0103 cu succes calific\u0103rile dorite. Nu v\u0103 fie team\u0103 s\u0103 v\u0103 urm\u0103ri\u021bi obiectivele \u0219i l\u0103sa\u021bi toate \u00eentreb\u0103rile \u0219i aspectele tehnice \u00een seama noastr\u0103.<\/p>\t\t\t\t\t\t<\/div>\n\t\t\t\t<\/div>\n\t\t\t\t\t<\/div>\n\t\t<\/div>\n\t\t\t\t\t\t\t<\/div>\n\t\t<\/section>\n\t\t\t\t\t\t\t<\/div>\n\t\t","protected":false},"excerpt":{"rendered":"<p>Despre noi Profesionalism Specialit\u0103\u021bile noastre Experien\u0163\u0103 Fiabilitate Vitez\u0103 Calitate +447740987496 info@aurumtraining.com.uk Aurimas este fondatorul companiei Aurum Training Consultant. Acesta lucreaz\u0103 \u00een Anglia de mai bine de 13 ani \u00een domeniul form\u0103rii \u0219i al diverselor cursuri. Aurimas a \u00eenceput s\u0103-\u0219i acumuleze cuno\u0219tin\u021bele \u0219i experien\u021ba la compania MV &amp; Sons Forklift Training Services, unde a lucrat din &hellip;<\/p>\n<p class=\"read-more\"> <a class=\"\" href=\"https:\/\/aurumtraining.co.uk\/ro\/despre-noi\/\"> <span class=\"screen-reader-text\">Despre noi<\/span> Read More \u00bb<\/a><\/p>\n","protected":false},"author":1,"featured_media":0,"parent":0,"menu_order":0,"comment_status":"closed","ping_status":"closed","template":"","meta":{"site-sidebar-layout":"no-sidebar","site-content-layout":"page-builder","ast-site-content-layout":"","site-content-style":"default","site-sidebar-style":"default","ast-global-header-display":"","ast-banner-title-visibility":"","ast-main-header-display":"","ast-hfb-above-header-display":"","ast-hfb-below-header-display":"","ast-hfb-mobile-header-display":"","site-post-title":"disabled","ast-breadcrumbs-content":"","ast-featured-img":"disabled","footer-sml-layout":"","theme-transparent-header-meta":"","adv-header-id-meta":"","stick-header-meta":"","header-above-stick-meta":"","header-main-stick-meta":"","header-below-stick-meta":"","astra-migrate-meta-layouts":"","ast-page-background-enabled":"default","ast-page-background-meta":{"desktop":{"background-color":"var(--ast-global-color-4)","background-image":"","background-repeat":"repeat","background-position":"center center","background-size":"auto","background-attachment":"scroll","background-type":"","background-media":"","overlay-type":"","overlay-color":"","overlay-gradient":""},"tablet":{"background-color":"","background-image":"","background-repeat":"repeat","background-position":"center center","background-size":"auto","background-attachment":"scroll","background-type":"","background-media":"","overlay-type":"","overlay-color":"","overlay-gradient":""},"mobile":{"background-color":"","background-image":"","background-repeat":"repeat","background-position":"center center","background-size":"auto","background-attachment":"scroll","background-type":"","background-media":"","overlay-type":"","overlay-color":"","overlay-gradient":""}},"ast-content-background-meta":{"desktop":{"background-color":"var(--ast-global-color-5)","background-image":"","background-repeat":"repeat","background-position":"center center","background-size":"auto","background-attachment":"scroll","background-type":"","background-media":"","overlay-type":"","overlay-color":"","overlay-gradient":""},"tablet":{"background-color":"var(--ast-global-color-5)","background-image":"","background-repeat":"repeat","background-position":"center center","background-size":"auto","background-attachment":"scroll","background-type":"","background-media":"","overlay-type":"","overlay-color":"","overlay-gradient":""},"mobile":{"background-color":"var(--ast-global-color-5)","background-image":"","background-repeat":"repeat","background-position":"center center","background-size":"auto","background-attachment":"scroll","background-type":"","background-media":"","overlay-type":"","overlay-color":"","overlay-gradient":""}},"footnotes":""},"yoast_head":"<!-- This site is optimized with the Yoast SEO Premium plugin v21.5 (Yoast SEO v21.5) - https:\/\/yoast.com\/wordpress\/plugins\/seo\/ -->\n<title>Despre noi - Aurum Training<\/title>\n<meta name=\"robots\" content=\"index, follow, max-snippet:-1, max-image-preview:large, max-video-preview:-1\" \/>\n<link rel=\"canonical\" href=\"https:\/\/aurumtraining.co.uk\/ro\/despre-noi\/\" \/>\n<meta property=\"og:locale\" content=\"ro_RO\" \/>\n<meta property=\"og:type\" content=\"article\" \/>\n<meta property=\"og:title\" content=\"Despre noi\" \/>\n<meta property=\"og:description\" content=\"Despre noi Profesionalism Specialit\u0103\u021bile noastre Experien\u0163\u0103 Fiabilitate Vitez\u0103 Calitate +447740987496 info@aurumtraining.com.uk Aurimas este fondatorul companiei Aurum Training Consultant. Acesta lucreaz\u0103 \u00een Anglia de mai bine de 13 ani \u00een domeniul form\u0103rii \u0219i al diverselor cursuri. Aurimas a \u00eenceput s\u0103-\u0219i acumuleze cuno\u0219tin\u021bele \u0219i experien\u021ba la compania MV &amp; Sons Forklift Training Services, unde a lucrat din &hellip; Despre noi Read More \u00bb\" \/>\n<meta property=\"og:url\" content=\"https:\/\/aurumtraining.co.uk\/ro\/despre-noi\/\" \/>\n<meta property=\"og:site_name\" content=\"Aurum Training\" \/>\n<meta property=\"article:modified_time\" content=\"2023-10-18T11:48:36+00:00\" \/>\n<meta name=\"twitter:card\" content=\"summary_large_image\" \/>\n<meta name=\"twitter:label1\" content=\"Timp estimat pentru citire\" \/>\n\t<meta name=\"twitter:data1\" content=\"2 minute\" \/>\n<script type=\"application\/ld+json\" class=\"yoast-schema-graph\">{\"@context\":\"https:\/\/schema.org\",\"@graph\":[{\"@type\":\"WebPage\",\"@id\":\"https:\/\/aurumtraining.co.uk\/ro\/despre-noi\/\",\"url\":\"https:\/\/aurumtraining.co.uk\/ro\/despre-noi\/\",\"name\":\"Despre noi - Aurum Training\",\"isPartOf\":{\"@id\":\"https:\/\/aurumtraining.co.uk\/#website\"},\"datePublished\":\"2023-04-26T10:04:23+00:00\",\"dateModified\":\"2023-10-18T11:48:36+00:00\",\"breadcrumb\":{\"@id\":\"https:\/\/aurumtraining.co.uk\/ro\/despre-noi\/#breadcrumb\"},\"inLanguage\":\"ro-RO\",\"potentialAction\":[{\"@type\":\"ReadAction\",\"target\":[\"https:\/\/aurumtraining.co.uk\/ro\/despre-noi\/\"]}]},{\"@type\":\"BreadcrumbList\",\"@id\":\"https:\/\/aurumtraining.co.uk\/ro\/despre-noi\/#breadcrumb\",\"itemListElement\":[{\"@type\":\"ListItem\",\"position\":1,\"name\":\"Home\",\"item\":\"https:\/\/aurumtraining.co.uk\/ro\/\"},{\"@type\":\"ListItem\",\"position\":2,\"name\":\"Despre noi\"}]},{\"@type\":\"WebSite\",\"@id\":\"https:\/\/aurumtraining.co.uk\/#website\",\"url\":\"https:\/\/aurumtraining.co.uk\/\",\"name\":\"Aurum Training\",\"description\":\"\",\"publisher\":{\"@id\":\"https:\/\/aurumtraining.co.uk\/#organization\"},\"potentialAction\":[{\"@type\":\"SearchAction\",\"target\":{\"@type\":\"EntryPoint\",\"urlTemplate\":\"https:\/\/aurumtraining.co.uk\/?s={search_term_string}\"},\"query-input\":\"required name=search_term_string\"}],\"inLanguage\":\"ro-RO\"},{\"@type\":\"Organization\",\"@id\":\"https:\/\/aurumtraining.co.uk\/#organization\",\"name\":\"Aurum Training\",\"url\":\"https:\/\/aurumtraining.co.uk\/\",\"logo\":{\"@type\":\"ImageObject\",\"inLanguage\":\"ro-RO\",\"@id\":\"https:\/\/aurumtraining.co.uk\/#\/schema\/logo\/image\/\",\"url\":\"https:\/\/aurumtraining.co.uk\/wp-content\/uploads\/2023\/04\/Aurum-training-consultant-logo-scaled.webp\",\"contentUrl\":\"https:\/\/aurumtraining.co.uk\/wp-content\/uploads\/2023\/04\/Aurum-training-consultant-logo-scaled.webp\",\"width\":2560,\"height\":961,\"caption\":\"Aurum Training\"},\"image\":{\"@id\":\"https:\/\/aurumtraining.co.uk\/#\/schema\/logo\/image\/\"}}]}<\/script>\n<!-- \/ Yoast SEO Premium plugin. -->","yoast_head_json":{"title":"Despre noi - Aurum Training","robots":{"index":"index","follow":"follow","max-snippet":"max-snippet:-1","max-image-preview":"max-image-preview:large","max-video-preview":"max-video-preview:-1"},"canonical":"https:\/\/aurumtraining.co.uk\/ro\/despre-noi\/","og_locale":"ro_RO","og_type":"article","og_title":"Despre noi","og_description":"Despre noi Profesionalism Specialit\u0103\u021bile noastre Experien\u0163\u0103 Fiabilitate Vitez\u0103 Calitate +447740987496 info@aurumtraining.com.uk Aurimas este fondatorul companiei Aurum Training Consultant. Acesta lucreaz\u0103 \u00een Anglia de mai bine de 13 ani \u00een domeniul form\u0103rii \u0219i al diverselor cursuri. Aurimas a \u00eenceput s\u0103-\u0219i acumuleze cuno\u0219tin\u021bele \u0219i experien\u021ba la compania MV &amp; Sons Forklift Training Services, unde a lucrat din &hellip; Despre noi Read More \u00bb","og_url":"https:\/\/aurumtraining.co.uk\/ro\/despre-noi\/","og_site_name":"Aurum Training","article_modified_time":"2023-10-18T11:48:36+00:00","twitter_card":"summary_large_image","twitter_misc":{"Timp estimat pentru citire":"2 minute"},"schema":{"@context":"https:\/\/schema.org","@graph":[{"@type":"WebPage","@id":"https:\/\/aurumtraining.co.uk\/ro\/despre-noi\/","url":"https:\/\/aurumtraining.co.uk\/ro\/despre-noi\/","name":"Despre noi - Aurum Training","isPartOf":{"@id":"https:\/\/aurumtraining.co.uk\/#website"},"datePublished":"2023-04-26T10:04:23+00:00","dateModified":"2023-10-18T11:48:36+00:00","breadcrumb":{"@id":"https:\/\/aurumtraining.co.uk\/ro\/despre-noi\/#breadcrumb"},"inLanguage":"ro-RO","potentialAction":[{"@type":"ReadAction","target":["https:\/\/aurumtraining.co.uk\/ro\/despre-noi\/"]}]},{"@type":"BreadcrumbList","@id":"https:\/\/aurumtraining.co.uk\/ro\/despre-noi\/#breadcrumb","itemListElement":[{"@type":"ListItem","position":1,"name":"Home","item":"https:\/\/aurumtraining.co.uk\/ro\/"},{"@type":"ListItem","position":2,"name":"Despre noi"}]},{"@type":"WebSite","@id":"https:\/\/aurumtraining.co.uk\/#website","url":"https:\/\/aurumtraining.co.uk\/","name":"Aurum Training","description":"","publisher":{"@id":"https:\/\/aurumtraining.co.uk\/#organization"},"potentialAction":[{"@type":"SearchAction","target":{"@type":"EntryPoint","urlTemplate":"https:\/\/aurumtraining.co.uk\/?s={search_term_string}"},"query-input":"required name=search_term_string"}],"inLanguage":"ro-RO"},{"@type":"Organization","@id":"https:\/\/aurumtraining.co.uk\/#organization","name":"Aurum Training","url":"https:\/\/aurumtraining.co.uk\/","logo":{"@type":"ImageObject","inLanguage":"ro-RO","@id":"https:\/\/aurumtraining.co.uk\/#\/schema\/logo\/image\/","url":"https:\/\/aurumtraining.co.uk\/wp-content\/uploads\/2023\/04\/Aurum-training-consultant-logo-scaled.webp","contentUrl":"https:\/\/aurumtraining.co.uk\/wp-content\/uploads\/2023\/04\/Aurum-training-consultant-logo-scaled.webp","width":2560,"height":961,"caption":"Aurum Training"},"image":{"@id":"https:\/\/aurumtraining.co.uk\/#\/schema\/logo\/image\/"}}]}},"_links":{"self":[{"href":"https:\/\/aurumtraining.co.uk\/ro\/wp-json\/wp\/v2\/pages\/1397"}],"collection":[{"href":"https:\/\/aurumtraining.co.uk\/ro\/wp-json\/wp\/v2\/pages"}],"about":[{"href":"https:\/\/aurumtraining.co.uk\/ro\/wp-json\/wp\/v2\/types\/page"}],"author":[{"embeddable":true,"href":"https:\/\/aurumtraining.co.uk\/ro\/wp-json\/wp\/v2\/users\/1"}],"replies":[{"embeddable":true,"href":"https:\/\/aurumtraining.co.uk\/ro\/wp-json\/wp\/v2\/comments?post=1397"}],"version-history":[{"count":7,"href":"https:\/\/aurumtraining.co.uk\/ro\/wp-json\/wp\/v2\/pages\/1397\/revisions"}],"predecessor-version":[{"id":1474,"href":"https:\/\/aurumtraining.co.uk\/ro\/wp-json\/wp\/v2\/pages\/1397\/revisions\/1474"}],"wp:attachment":[{"href":"https:\/\/aurumtraining.co.uk\/ro\/wp-json\/wp\/v2\/media?parent=1397"}],"curies":[{"name":"wp","href":"https:\/\/api.w.org\/{rel}","templated":true}]}}